{"id":739,"date":"2020-11-18T18:35:47","date_gmt":"2020-11-18T17:35:47","guid":{"rendered":"http:\/\/www.allpartners.fr\/?page_id=739"},"modified":"2023-06-26T14:36:56","modified_gmt":"2023-06-26T12:36:56","slug":"mentions-legales","status":"publish","type":"page","link":"http:\/\/www.allpartners.fr\/en\/mentions-legales\/","title":{"rendered":"Mentions l\u00e9gales"},"content":{"rendered":"<div data-elementor-type=\"wp-page\" data-elementor-id=\"739\" class=\"elementor elementor-739\" data-elementor-settings=\"[]\">\n\t\t\t\t\t\t<div class=\"elementor-inner\">\n\t\t\t\t\t\t\t<div class=\"elementor-section-wrap\">\n\t\t\t\t\t\t\t<section class=\"elementor-section elementor-top-section elementor-element elementor-element-48ff632e elementor-section-height-min-height elementor-section-full_width elementor-section-height-default elementor-section-items-middle\" data-id=\"48ff632e\" data-element_type=\"section\" data-settings=\"{&quot;background_background&quot;:&quot;classic&quot;}\">\n\t\t\t\t\t\t\t<div class=\"elementor-background-overlay\"><\/div>\n\t\t\t\t\t\t\t<div class=\"elementor-container elementor-column-gap-default\">\n\t\t\t\t\t\t\t<div class=\"elementor-row\">\n\t\t\t\t\t<div class=\"elementor-column elementor-col-33 elementor-top-column elementor-element elementor-element-6b41bc76\" data-id=\"6b41bc76\" data-element_type=\"column\">\n\t\t\t<div class=\"elementor-column-wrap\">\n\t\t\t\t\t\t\t<div class=\"elementor-widget-wrap\">\n\t\t\t\t\t\t\t\t<\/div>\n\t\t\t\t\t<\/div>\n\t\t<\/div>\n\t\t\t\t<div class=\"elementor-column elementor-col-33 elementor-top-column elementor-element elementor-element-8e0521d\" data-id=\"8e0521d\" data-element_type=\"column\">\n\t\t\t<div class=\"elementor-column-wrap elementor-element-populated\">\n\t\t\t\t\t\t\t<div class=\"elementor-widget-wrap\">\n\t\t\t\t\t\t\t\t<\/div>\n\t\t\t\t\t<\/div>\n\t\t<\/div>\n\t\t\t\t<div class=\"elementor-column elementor-col-33 elementor-top-column elementor-element elementor-element-0035c64\" data-id=\"0035c64\" data-element_type=\"column\">\n\t\t\t<div class=\"elementor-column-wrap\">\n\t\t\t\t\t\t\t<div class=\"elementor-widget-wrap\">\n\t\t\t\t\t\t\t\t<\/div>\n\t\t\t\t\t<\/div>\n\t\t<\/div>\n\t\t\t\t\t\t\t\t<\/div>\n\t\t\t\t\t<\/div>\n\t\t<\/section>\n\t\t\t\t<section class=\"elementor-section elementor-top-section elementor-element elementor-element-34282c98 elementor-section-boxed elementor-section-height-default elementor-section-height-default\" data-id=\"34282c98\" data-element_type=\"section\">\n\t\t\t\t\t\t<div class=\"elementor-container elementor-column-gap-default\">\n\t\t\t\t\t\t\t<div class=\"elementor-row\">\n\t\t\t\t\t<div class=\"elementor-column elementor-col-100 elementor-top-column elementor-element elementor-element-6f18c592\" data-id=\"6f18c592\" data-element_type=\"column\">\n\t\t\t<div class=\"elementor-column-wrap elementor-element-populated\">\n\t\t\t\t\t\t\t<div class=\"elementor-widget-wrap\">\n\t\t\t\t\t\t<section class=\"elementor-section elementor-inner-section elementor-element elementor-element-55c2e10d elementor-section-full_width elementor-section-height-default elementor-section-height-default\" data-id=\"55c2e10d\" data-element_type=\"section\">\n\t\t\t\t\t\t<div class=\"elementor-container elementor-column-gap-default\">\n\t\t\t\t\t\t\t<div class=\"elementor-row\">\n\t\t\t\t\t<div class=\"elementor-column elementor-col-100 elementor-inner-column elementor-element elementor-element-490bedd5\" data-id=\"490bedd5\" data-element_type=\"column\">\n\t\t\t<div class=\"elementor-column-wrap elementor-element-populated\">\n\t\t\t\t\t\t\t<div class=\"elementor-widget-wrap\">\n\t\t\t\t\t\t<div class=\"elementor-element elementor-element-2c64506c elementor-widget elementor-widget-heading\" data-id=\"2c64506c\" data-element_type=\"widget\" data-widget_type=\"heading.default\">\n\t\t\t\t<div class=\"elementor-widget-container\">\n\t\t\t<h3 class=\"elementor-heading-title elementor-size-default\">Informations l\u00e9gales<\/h3>\t\t<\/div>\n\t\t\t\t<\/div>\n\t\t\t\t<div class=\"elementor-element elementor-element-6b007d9 elementor-widget elementor-widget-text-editor\" data-id=\"6b007d9\" data-element_type=\"widget\" data-widget_type=\"text-editor.default\">\n\t\t\t\t<div class=\"elementor-widget-container\">\n\t\t\t\t\t<div class=\"elementor-text-editor elementor-clearfix\"><p><style>\n<!--<br \/> \/* Font Definitions *\/<br \/> @font-face<br \/>\t{font-family:\"Cambria Math\";<br \/>\tpanose-1:2 4 5 3 5 4 6 3 2 4;<br \/>\tmso-font-charset:0;<br \/>\tmso-generic-font-family:roman;<br \/>\tmso-font-pitch:variable;<br \/>\tmso-font-signature:-536870145 1107305727 0 0 415 0;}<br \/>@font-face<br \/>\t{font-family:Calibri;<br \/>\tpanose-1:2 15 5 2 2 2 4 3 2 4;<br \/>\tmso-font-charset:0;<br \/>\tmso-generic-font-family:swiss;<br \/>\tmso-font-pitch:variable;<br \/>\tmso-font-signature:-536859905 -1073732485 9 0 511 0;}<br \/> \/* Style Definitions *\/<br \/> p.MsoNormal, li.MsoNormal, div.MsoNormal<br \/>\t{mso-style-unhide:no;<br \/>\tmso-style-qformat:yes;<br \/>\tmso-style-parent:\"\";<br \/>\tmargin:0cm;<br \/>\tmargin-bottom:.0001pt;<br \/>\tmso-pagination:widow-orphan;<br \/>\tfont-size:12.0pt;<br \/>\tfont-family:\"Calibri\",sans-serif;<br \/>\tmso-ascii-font-family:Calibri;<br \/>\tmso-ascii-theme-font:minor-latin;<br \/>\tmso-fareast-font-family:Calibri;<br \/>\tmso-fareast-theme-font:minor-latin;<br \/>\tmso-hansi-font-family:Calibri;<br \/>\tmso-hansi-theme-font:minor-latin;<br \/>\tmso-bidi-font-family:\"Times New Roman\";<br \/>\tmso-bidi-theme-font:minor-bidi;<br \/>\tmso-fareast-language:EN-US;}<br \/>.MsoChpDefault<br \/>\t{mso-style-type:export-only;<br \/>\tmso-default-props:yes;<br \/>\tfont-family:\"Calibri\",sans-serif;<br \/>\tmso-ascii-font-family:Calibri;<br \/>\tmso-ascii-theme-font:minor-latin;<br \/>\tmso-fareast-font-family:Calibri;<br \/>\tmso-fareast-theme-font:minor-latin;<br \/>\tmso-hansi-font-family:Calibri;<br \/>\tmso-hansi-theme-font:minor-latin;<br \/>\tmso-bidi-font-family:\"Times New Roman\";<br \/>\tmso-bidi-theme-font:minor-bidi;<br \/>\tmso-fareast-language:EN-US;}size:612.0pt 792.0pt;<br \/>\tmargin:70.85pt 70.85pt 70.85pt 70.85pt;<br \/>\tmso-header-margin:36.0pt;<br \/>\tmso-footer-margin:36.0pt;<br \/>\tmso-paper-source:0;}<br \/>div.WordSection1<br \/>\t{page:WordSection1;}<\/style><\/p><p class=\"MsoNormal\"><strong>RESPONSABLE DE LA PUBLICATION :\u00a0<\/strong><br \/>Ma\u00eetre \u00c9milie Lenglen<\/p><p class=\"MsoNormal\">Email\u00a0: contact@allpartners.fr<\/p><p class=\"MsoNormal\"><span lang=\"EN-US\">Site web : www.allpartners.fr <\/span><\/p><p><strong>H\u00c9BERGEMENT<\/strong> : OVH<\/p><p><strong>D\u00e9veloppement :<\/strong><\/p><p>Davidbeats Co. ( membre de TheDudesOffice )<\/p><p>Site Web : <a href=\"http:\/\/thedudesoffice.com\/\">www.thedudesoffice.com<\/a><\/p><p><strong>Cr\u00e9dits<\/strong><\/p><p>Photographies \u2013 libre de droits<\/p><p><strong>Donn\u00e9es personnelles<\/strong><\/p><p>Les informations collect\u00e9es ne sont pas conserv\u00e9es sans votre consentement. Certaines donn\u00e9es informatiques sont collect\u00e9es \u00e0 des fins statistiques et ne permettent pas de vous identifier. Ces donn\u00e9es sont supprim\u00e9es d\u00e8s que le traitement des statistiques est termin\u00e9.<\/p><p>Vous disposez d'un droit d'acc\u00e8s, de modification et de suppression des donn\u00e9es personnelles vous concernant. Pour prendre connaissance de ces donn\u00e9es ou pour exercer vos droits, contactez-nous par email ou par courrier \u00e0 l'adresse suivante :<\/p><p>Ma\u00eetre \u00c9milie Lenglen - Avocat au Barreau de Paris \u2013 8 rue de Turin 75008 Paris<\/p><p><strong>Propri\u00e9t\u00e9 Intellectuelle<\/strong><\/p><p>Le contenu de ce site est prot\u00e9g\u00e9 par le droit d'auteur. Toute reproduction sans le consentement explicite de l'auteur est strictement interdite.<\/p><p class=\"MsoNormal\"><span lang=\"EN-US\">\u00a0<\/span><\/p><p class=\"MsoNormal\"><span lang=\"EN-US\">\u00a0<\/span><\/p><\/div>\n\t\t\t\t<\/div>\n\t\t\t\t<\/div>\n\t\t\t\t\t\t<\/div>\n\t\t\t\t\t<\/div>\n\t\t<\/div>\n\t\t\t\t\t\t\t\t<\/div>\n\t\t\t\t\t<\/div>\n\t\t<\/section>\n\t\t\t\t\t\t<\/div>\n\t\t\t\t\t<\/div>\n\t\t<\/div>\n\t\t\t\t\t\t\t\t<\/div>\n\t\t\t\t\t<\/div>\n\t\t<\/section>\n\t\t\t\t\t\t<\/div>\n\t\t\t\t\t\t<\/div>\n\t\t\t\t\t<\/div>","protected":false},"excerpt":{"rendered":"<p>Informations l\u00e9gales RESPONSABLE DE LA PUBLICATION :\u00a0Ma\u00eetre \u00c9milie Lenglen Email\u00a0: contact@allpartners.fr Site web : www.allpartners.fr H\u00c9BERGEMENT : OVH D\u00e9veloppement : Davidbeats Co. ( membre de TheDudesOffice ) Site Web : www.thedudesoffice.com Cr\u00e9dits Photographies \u2013 libre de droits Donn\u00e9es personnelles Les informations collect\u00e9es ne sont pas conserv\u00e9es sans votre consentement. Certaines donn\u00e9es informatiques sont collect\u00e9es \u00e0 [&hellip;]<\/p>","protected":false},"author":1,"featured_media":0,"parent":0,"menu_order":0,"comment_status":"closed","ping_status":"closed","template":"","meta":[],"_links":{"self":[{"href":"http:\/\/www.allpartners.fr\/en\/wp-json\/wp\/v2\/pages\/739"}],"collection":[{"href":"http:\/\/www.allpartners.fr\/en\/wp-json\/wp\/v2\/pages"}],"about":[{"href":"http:\/\/www.allpartners.fr\/en\/wp-json\/wp\/v2\/types\/page"}],"author":[{"embeddable":true,"href":"http:\/\/www.allpartners.fr\/en\/wp-json\/wp\/v2\/users\/1"}],"replies":[{"embeddable":true,"href":"http:\/\/www.allpartners.fr\/en\/wp-json\/wp\/v2\/comments?post=739"}],"version-history":[{"count":28,"href":"http:\/\/www.allpartners.fr\/en\/wp-json\/wp\/v2\/pages\/739\/revisions"}],"predecessor-version":[{"id":1057,"href":"http:\/\/www.allpartners.fr\/en\/wp-json\/wp\/v2\/pages\/739\/revisions\/1057"}],"wp:attachment":[{"href":"http:\/\/www.allpartners.fr\/en\/wp-json\/wp\/v2\/media?parent=739"}],"curies":[{"name":"wp","href":"https:\/\/api.w.org\/{rel}","templated":true}]}}