{"id":382,"date":"2020-11-12T19:52:46","date_gmt":"2020-11-12T18:52:46","guid":{"rendered":"http:\/\/www.allpartners.fr\/?page_id=382"},"modified":"2021-09-16T15:18:21","modified_gmt":"2021-09-16T13:18:21","slug":"droit-du-sport","status":"publish","type":"page","link":"http:\/\/www.allpartners.fr\/en\/droit-du-sport\/","title":{"rendered":"Sports law"},"content":{"rendered":"<div data-elementor-type=\"wp-page\" data-elementor-id=\"382\" class=\"elementor elementor-382\" data-elementor-settings=\"[]\">\n\t\t\t\t\t\t<div class=\"elementor-inner\">\n\t\t\t\t\t\t\t<div class=\"elementor-section-wrap\">\n\t\t\t\t\t\t\t<section class=\"elementor-section elementor-top-section elementor-element elementor-element-7a122c22 elementor-section-height-min-height elementor-section-boxed elementor-section-height-default elementor-section-items-middle\" data-id=\"7a122c22\" data-element_type=\"section\" data-settings=\"{&quot;background_background&quot;:&quot;classic&quot;}\">\n\t\t\t\t\t\t\t<div class=\"elementor-background-overlay\"><\/div>\n\t\t\t\t\t\t\t<div class=\"elementor-container elementor-column-gap-default\">\n\t\t\t\t\t\t\t<div class=\"elementor-row\">\n\t\t\t\t\t<div class=\"elementor-column elementor-col-100 elementor-top-column elementor-element elementor-element-1f7a1b19\" data-id=\"1f7a1b19\" data-element_type=\"column\">\n\t\t\t<div class=\"elementor-column-wrap elementor-element-populated\">\n\t\t\t\t\t\t\t<div class=\"elementor-widget-wrap\">\n\t\t\t\t\t\t<div class=\"elementor-element elementor-element-4cd886ce elementor-widget elementor-widget-heading\" data-id=\"4cd886ce\" data-element_type=\"widget\" data-widget_type=\"heading.default\">\n\t\t\t\t<div class=\"elementor-widget-container\">\n\t\t\t<h2 class=\"elementor-heading-title elementor-size-default\">Sports law<\/h2>\t\t<\/div>\n\t\t\t\t<\/div>\n\t\t\t\t\t\t<\/div>\n\t\t\t\t\t<\/div>\n\t\t<\/div>\n\t\t\t\t\t\t\t\t<\/div>\n\t\t\t\t\t<\/div>\n\t\t<\/section>\n\t\t\t\t<section class=\"elementor-section elementor-top-section elementor-element elementor-element-689d9562 elementor-section-boxed elementor-section-height-default elementor-section-height-default\" data-id=\"689d9562\" data-element_type=\"section\">\n\t\t\t\t\t\t<div class=\"elementor-container elementor-column-gap-default\">\n\t\t\t\t\t\t\t<div class=\"elementor-row\">\n\t\t\t\t\t<div class=\"elementor-column elementor-col-100 elementor-top-column elementor-element elementor-element-4d79e8c9\" data-id=\"4d79e8c9\" data-element_type=\"column\">\n\t\t\t<div class=\"elementor-column-wrap elementor-element-populated\">\n\t\t\t\t\t\t\t<div class=\"elementor-widget-wrap\">\n\t\t\t\t\t\t<div class=\"elementor-element elementor-element-741fdb8 elementor-widget elementor-widget-spacer\" data-id=\"741fdb8\" data-element_type=\"widget\" data-widget_type=\"spacer.default\">\n\t\t\t\t<div class=\"elementor-widget-container\">\n\t\t\t\t\t<div class=\"elementor-spacer\">\n\t\t\t<div class=\"elementor-spacer-inner\"><\/div>\n\t\t<\/div>\n\t\t\t\t<\/div>\n\t\t\t\t<\/div>\n\t\t\t\t\t\t<\/div>\n\t\t\t\t\t<\/div>\n\t\t<\/div>\n\t\t\t\t\t\t\t\t<\/div>\n\t\t\t\t\t<\/div>\n\t\t<\/section>\n\t\t\t\t<section class=\"elementor-section elementor-top-section elementor-element elementor-element-3b111224 elementor-section-height-min-height elementor-section-boxed elementor-section-height-default elementor-section-items-middle\" data-id=\"3b111224\" data-element_type=\"section\" data-settings=\"{&quot;background_background&quot;:&quot;classic&quot;}\">\n\t\t\t\t\t\t\t<div class=\"elementor-background-overlay\"><\/div>\n\t\t\t\t\t\t\t<div class=\"elementor-container elementor-column-gap-default\">\n\t\t\t\t\t\t\t<div class=\"elementor-row\">\n\t\t\t\t\t<div class=\"elementor-column elementor-col-100 elementor-top-column elementor-element elementor-element-1f39984c\" data-id=\"1f39984c\" data-element_type=\"column\">\n\t\t\t<div class=\"elementor-column-wrap elementor-element-populated\">\n\t\t\t\t\t\t\t<div class=\"elementor-widget-wrap\">\n\t\t\t\t\t\t<div class=\"elementor-element elementor-element-60203d73 elementor-invisible elementor-widget elementor-widget-image\" data-id=\"60203d73\" data-element_type=\"widget\" data-settings=\"{&quot;_animation&quot;:&quot;fadeInUp&quot;}\" data-widget_type=\"image.default\">\n\t\t\t\t<div class=\"elementor-widget-container\">\n\t\t\t\t\t<div class=\"elementor-image\">\n\t\t\t\t\t\t\t\t\t\t<img width=\"800\" height=\"444\" src=\"http:\/\/www.allpartners.fr\/wp-content\/uploads\/2020\/11\/stadium-1024x568.jpg\" class=\"attachment-large size-large\" alt=\"\" loading=\"lazy\" srcset=\"http:\/\/www.allpartners.fr\/wp-content\/uploads\/2020\/11\/stadium-1024x568.jpg 1024w, http:\/\/www.allpartners.fr\/wp-content\/uploads\/2020\/11\/stadium-300x166.jpg 300w, http:\/\/www.allpartners.fr\/wp-content\/uploads\/2020\/11\/stadium-768x426.jpg 768w, http:\/\/www.allpartners.fr\/wp-content\/uploads\/2020\/11\/stadium-1536x852.jpg 1536w, http:\/\/www.allpartners.fr\/wp-content\/uploads\/2020\/11\/stadium-16x9.jpg 16w, http:\/\/www.allpartners.fr\/wp-content\/uploads\/2020\/11\/stadium.jpg 1920w\" sizes=\"(max-width: 800px) 100vw, 800px\" \/>\t\t\t\t\t\t\t\t\t\t\t<\/div>\n\t\t\t\t<\/div>\n\t\t\t\t<\/div>\n\t\t\t\t<div class=\"elementor-element elementor-element-4c957eee animated-slow elementor-invisible elementor-widget elementor-widget-heading\" data-id=\"4c957eee\" data-element_type=\"widget\" data-settings=\"{&quot;_animation&quot;:&quot;fadeIn&quot;}\" data-widget_type=\"heading.default\">\n\t\t\t\t<div class=\"elementor-widget-container\">\n\t\t\t<h1 class=\"elementor-heading-title elementor-size-default\">Sports law<\/h1>\t\t<\/div>\n\t\t\t\t<\/div>\n\t\t\t\t<section class=\"elementor-section elementor-inner-section elementor-element elementor-element-31d022af elementor-section-boxed elementor-section-height-default elementor-section-height-default\" data-id=\"31d022af\" data-element_type=\"section\">\n\t\t\t\t\t\t<div class=\"elementor-container elementor-column-gap-default\">\n\t\t\t\t\t\t\t<div class=\"elementor-row\">\n\t\t\t\t\t<div class=\"elementor-column elementor-col-100 elementor-inner-column elementor-element elementor-element-3c2833c5\" data-id=\"3c2833c5\" data-element_type=\"column\">\n\t\t\t<div class=\"elementor-column-wrap elementor-element-populated\">\n\t\t\t\t\t\t\t<div class=\"elementor-widget-wrap\">\n\t\t\t\t\t\t<div class=\"elementor-element elementor-element-5f84c055 elementor-invisible elementor-widget elementor-widget-text-editor\" data-id=\"5f84c055\" data-element_type=\"widget\" data-settings=\"{&quot;_animation&quot;:&quot;fadeIn&quot;}\" data-widget_type=\"text-editor.default\">\n\t\t\t\t<div class=\"elementor-widget-container\">\n\t\t\t\t\t<div class=\"elementor-text-editor elementor-clearfix\"><p>The team spirit that unites our firm is linked to the partners various sporting backgrounds. Our experience of high level practice and our adherence to sporting values allow us to understand and grasp the demands of the sporting world. <\/p><p>We also like the idea that the record of Suzann Lenglen, relative of Emilie Lenglen, influences our doubles game!<\/p><p>Trained in the peculiarities of sports law contracts, aware of ethical constraints, the firm is a sports representative of the Order of Lawyers at the Paris and Versailles Bars.<\/p><p>We offer our expertise to athletes, coaches, sports clubs and federations, in sports law, labor law and business law in order to understand the various issues. From sportsmen's contracts, to the structuring of a sports career, while preparing and securing the rest (investments, second part of the career, etc.).<\/p><\/div>\n\t\t\t\t<\/div>\n\t\t\t\t<\/div>\n\t\t\t\t<div class=\"elementor-element elementor-element-1d4a34f elementor-invisible elementor-widget elementor-widget-text-editor\" data-id=\"1d4a34f\" data-element_type=\"widget\" data-settings=\"{&quot;_animation&quot;:&quot;fadeIn&quot;}\" data-widget_type=\"text-editor.default\">\n\t\t\t\t<div class=\"elementor-widget-container\">\n\t\t\t\t\t<div class=\"elementor-text-editor elementor-clearfix\"><p><strong><u>Sports agents and lawyers<\/u><\/strong><\/p><p>ALL PARTNERS defends its partners and customers in all disciplines (<em>football, rugby, basketball, handball, athletics, racing, tennis<\/em>\u2026).<\/p><ul><li>Drafting and negotiation of employment contracts,<\/li><li>Transfers,<\/li><li>Drafting and negotiation of sponsorship, sponsorship or partnership contracts,<\/li><li>Litigation before specialized courts - national regular and sporting bodies and arbitration procedures - CIAS and CAS,<\/li><li>Merchandising of derivative products,<\/li><li>Acquisition of stakes in club capital,<\/li><li>Optimization of income and choice of an adequate company status,<\/li><li>Diversification and asset structure,<\/li><li>Assistance in the choice and optimization of advertising contracts,<\/li><li>Image management - royalties,<\/li><li>Help in the diversification of assets,<\/li><li>Creation of real estate companies.<\/li><\/ul><p>\u00a0<\/p><p><strong><u>Communication management:<\/u><\/strong><\/p><p>We work with a network of partners to ensure good management of sportsmen's communication:<\/p><ul><li>Media training,<\/li><li>Communicate simply and interview techniques,<\/li><li>Crisis communication,<\/li><li>Social networks,<\/li><li>E-reputation,<\/li><li>Image management.<\/li><\/ul><p>\u00a0<\/p><p><strong><u>Your privileged contact:<\/u><\/strong><\/p><p>Associate lawyer, trained in <a href=\"http:\/\/www.allpartners.fr\/en\/droit-des-affaires\/\">business law<\/a> and former high-level judoka, Emilie Lenglen is teaming up with you. It ensures the interests of athletes, former athletes, federations ... in their various challenges with rigor and involvement.<\/p><p>To answer all your issues, she works in a team with Fran\u00e7ois Aje, her partner, a specialist in <a href=\"http:\/\/www.allpartners.fr\/en\/droit-du-travail\/\">labor law<\/a>,who has been involved for many years in various sporting environments (football and golf).<\/p><\/div>\n\t\t\t\t<\/div>\n\t\t\t\t<\/div>\n\t\t\t\t\t\t<\/div>\n\t\t\t\t\t<\/div>\n\t\t<\/div>\n\t\t\t\t\t\t\t\t<\/div>\n\t\t\t\t\t<\/div>\n\t\t<\/section>\n\t\t\t\t\t\t<\/div>\n\t\t\t\t\t<\/div>\n\t\t<\/div>\n\t\t\t\t\t\t\t\t<\/div>\n\t\t\t\t\t<\/div>\n\t\t<\/section>\n\t\t\t\t\t\t<\/div>\n\t\t\t\t\t\t<\/div>\n\t\t\t\t\t<\/div>","protected":false},"excerpt":{"rendered":"<p>Droit du sport Droit du sport L\u2019esprit d\u2019\u00e9quipe qui f\u00e9d\u00e8re notre cabinet est li\u00e9 aux diff\u00e9rents parcours sportifs des associ\u00e9s. Notre exp\u00e9rience de la pratique de haut niveau et notre adh\u00e9sion aux valeurs sportives nous permettent de comprendre et d\u2019appr\u00e9hender les exigences du monde sportif. Nous aimons aussi l\u2019id\u00e9e que le palmar\u00e8s de Suzanne Lenglen, [&hellip;]<\/p>","protected":false},"author":1,"featured_media":0,"parent":0,"menu_order":0,"comment_status":"closed","ping_status":"closed","template":"","meta":[],"_links":{"self":[{"href":"http:\/\/www.allpartners.fr\/en\/wp-json\/wp\/v2\/pages\/382"}],"collection":[{"href":"http:\/\/www.allpartners.fr\/en\/wp-json\/wp\/v2\/pages"}],"about":[{"href":"http:\/\/www.allpartners.fr\/en\/wp-json\/wp\/v2\/types\/page"}],"author":[{"embeddable":true,"href":"http:\/\/www.allpartners.fr\/en\/wp-json\/wp\/v2\/users\/1"}],"replies":[{"embeddable":true,"href":"http:\/\/www.allpartners.fr\/en\/wp-json\/wp\/v2\/comments?post=382"}],"version-history":[{"count":37,"href":"http:\/\/www.allpartners.fr\/en\/wp-json\/wp\/v2\/pages\/382\/revisions"}],"predecessor-version":[{"id":1048,"href":"http:\/\/www.allpartners.fr\/en\/wp-json\/wp\/v2\/pages\/382\/revisions\/1048"}],"wp:attachment":[{"href":"http:\/\/www.allpartners.fr\/en\/wp-json\/wp\/v2\/media?parent=382"}],"curies":[{"name":"wp","href":"https:\/\/api.w.org\/{rel}","templated":true}]}}