{"id":363,"date":"2020-11-12T19:22:26","date_gmt":"2020-11-12T18:22:26","guid":{"rendered":"http:\/\/www.allpartners.fr\/?page_id=363"},"modified":"2021-01-17T19:45:20","modified_gmt":"2021-01-17T18:45:20","slug":"droit-immobilier","status":"publish","type":"page","link":"http:\/\/www.allpartners.fr\/en\/droit-immobilier\/","title":{"rendered":"Real estate law"},"content":{"rendered":"<div data-elementor-type=\"wp-page\" data-elementor-id=\"363\" class=\"elementor elementor-363\" data-elementor-settings=\"[]\">\n\t\t\t\t\t\t<div class=\"elementor-inner\">\n\t\t\t\t\t\t\t<div class=\"elementor-section-wrap\">\n\t\t\t\t\t\t\t<section class=\"elementor-section elementor-top-section elementor-element elementor-element-21fe6480 elementor-section-height-min-height elementor-section-boxed elementor-section-height-default elementor-section-items-middle\" data-id=\"21fe6480\" data-element_type=\"section\" data-settings=\"{&quot;background_background&quot;:&quot;classic&quot;}\">\n\t\t\t\t\t\t\t<div class=\"elementor-background-overlay\"><\/div>\n\t\t\t\t\t\t\t<div class=\"elementor-container elementor-column-gap-default\">\n\t\t\t\t\t\t\t<div class=\"elementor-row\">\n\t\t\t\t\t<div class=\"elementor-column elementor-col-100 elementor-top-column elementor-element elementor-element-39916683\" data-id=\"39916683\" data-element_type=\"column\">\n\t\t\t<div class=\"elementor-column-wrap elementor-element-populated\">\n\t\t\t\t\t\t\t<div class=\"elementor-widget-wrap\">\n\t\t\t\t\t\t<div class=\"elementor-element elementor-element-7fa49477 elementor-widget elementor-widget-heading\" data-id=\"7fa49477\" data-element_type=\"widget\" data-widget_type=\"heading.default\">\n\t\t\t\t<div class=\"elementor-widget-container\">\n\t\t\t<h2 class=\"elementor-heading-title elementor-size-default\">Real estate law<\/h2>\t\t<\/div>\n\t\t\t\t<\/div>\n\t\t\t\t\t\t<\/div>\n\t\t\t\t\t<\/div>\n\t\t<\/div>\n\t\t\t\t\t\t\t\t<\/div>\n\t\t\t\t\t<\/div>\n\t\t<\/section>\n\t\t\t\t<section class=\"elementor-section elementor-top-section elementor-element elementor-element-bdc14b2 elementor-section-boxed elementor-section-height-default elementor-section-height-default\" data-id=\"bdc14b2\" data-element_type=\"section\">\n\t\t\t\t\t\t<div class=\"elementor-container elementor-column-gap-default\">\n\t\t\t\t\t\t\t<div class=\"elementor-row\">\n\t\t\t\t\t<div class=\"elementor-column elementor-col-100 elementor-top-column elementor-element elementor-element-407925e6\" data-id=\"407925e6\" data-element_type=\"column\">\n\t\t\t<div class=\"elementor-column-wrap elementor-element-populated\">\n\t\t\t\t\t\t\t<div class=\"elementor-widget-wrap\">\n\t\t\t\t\t\t<div class=\"elementor-element elementor-element-66ad7021 elementor-widget elementor-widget-spacer\" data-id=\"66ad7021\" data-element_type=\"widget\" data-widget_type=\"spacer.default\">\n\t\t\t\t<div class=\"elementor-widget-container\">\n\t\t\t\t\t<div class=\"elementor-spacer\">\n\t\t\t<div class=\"elementor-spacer-inner\"><\/div>\n\t\t<\/div>\n\t\t\t\t<\/div>\n\t\t\t\t<\/div>\n\t\t\t\t\t\t<\/div>\n\t\t\t\t\t<\/div>\n\t\t<\/div>\n\t\t\t\t\t\t\t\t<\/div>\n\t\t\t\t\t<\/div>\n\t\t<\/section>\n\t\t\t\t<section class=\"elementor-section elementor-top-section elementor-element elementor-element-22e8dee7 elementor-section-height-min-height elementor-section-boxed elementor-section-height-default elementor-section-items-middle\" data-id=\"22e8dee7\" data-element_type=\"section\" data-settings=\"{&quot;background_background&quot;:&quot;classic&quot;}\">\n\t\t\t\t\t\t\t<div class=\"elementor-background-overlay\"><\/div>\n\t\t\t\t\t\t\t<div class=\"elementor-container elementor-column-gap-default\">\n\t\t\t\t\t\t\t<div class=\"elementor-row\">\n\t\t\t\t\t<div class=\"elementor-column elementor-col-100 elementor-top-column elementor-element elementor-element-6fbfcf7d\" data-id=\"6fbfcf7d\" data-element_type=\"column\">\n\t\t\t<div class=\"elementor-column-wrap elementor-element-populated\">\n\t\t\t\t\t\t\t<div class=\"elementor-widget-wrap\">\n\t\t\t\t\t\t<div class=\"elementor-element elementor-element-d5cf776 elementor-invisible elementor-widget elementor-widget-image\" data-id=\"d5cf776\" data-element_type=\"widget\" data-settings=\"{&quot;_animation&quot;:&quot;none&quot;}\" data-widget_type=\"image.default\">\n\t\t\t\t<div class=\"elementor-widget-container\">\n\t\t\t\t\t<div class=\"elementor-image\">\n\t\t\t\t\t\t\t\t\t\t<img width=\"780\" height=\"440\" src=\"http:\/\/www.allpartners.fr\/wp-content\/uploads\/2020\/11\/Immobilier-img-1.jpg\" class=\"attachment-large size-large\" alt=\"\" loading=\"lazy\" srcset=\"http:\/\/www.allpartners.fr\/wp-content\/uploads\/2020\/11\/Immobilier-img-1.jpg 780w, http:\/\/www.allpartners.fr\/wp-content\/uploads\/2020\/11\/Immobilier-img-1-300x169.jpg 300w, http:\/\/www.allpartners.fr\/wp-content\/uploads\/2020\/11\/Immobilier-img-1-768x433.jpg 768w\" sizes=\"(max-width: 780px) 100vw, 780px\" \/>\t\t\t\t\t\t\t\t\t\t\t<\/div>\n\t\t\t\t<\/div>\n\t\t\t\t<\/div>\n\t\t\t\t<div class=\"elementor-element elementor-element-253ce1da animated-slow elementor-invisible elementor-widget elementor-widget-heading\" data-id=\"253ce1da\" data-element_type=\"widget\" data-settings=\"{&quot;_animation&quot;:&quot;fadeIn&quot;}\" data-widget_type=\"heading.default\">\n\t\t\t\t<div class=\"elementor-widget-container\">\n\t\t\t<h1 class=\"elementor-heading-title elementor-size-default\">Real estate law<\/h1>\t\t<\/div>\n\t\t\t\t<\/div>\n\t\t\t\t<section class=\"elementor-section elementor-inner-section elementor-element elementor-element-4316547f elementor-section-boxed elementor-section-height-default elementor-section-height-default\" data-id=\"4316547f\" data-element_type=\"section\">\n\t\t\t\t\t\t<div class=\"elementor-container elementor-column-gap-default\">\n\t\t\t\t\t\t\t<div class=\"elementor-row\">\n\t\t\t\t\t<div class=\"elementor-column elementor-col-100 elementor-inner-column elementor-element elementor-element-1ba223b7\" data-id=\"1ba223b7\" data-element_type=\"column\">\n\t\t\t<div class=\"elementor-column-wrap elementor-element-populated\">\n\t\t\t\t\t\t\t<div class=\"elementor-widget-wrap\">\n\t\t\t\t\t\t<div class=\"elementor-element elementor-element-519c6147 elementor-invisible elementor-widget elementor-widget-text-editor\" data-id=\"519c6147\" data-element_type=\"widget\" data-settings=\"{&quot;_animation&quot;:&quot;fadeIn&quot;}\" data-widget_type=\"text-editor.default\">\n\t\t\t\t<div class=\"elementor-widget-container\">\n\t\t\t\t\t<div class=\"elementor-text-editor elementor-clearfix\"><p>Our firm has acquired expertise in the entire field of real estate law, both in legal advice and in litigation.<\/p><p>We work in close collaboration with trustees, administrators, Notaries, builders, developers, real estate agents and intermediaries.<\/p><p>Our experience in real estate law allows us to support companies in <a href=\"http:\/\/www.allpartners.fr\/en\/droit-des-affaires\/\">business law<\/a> et en <a href=\"http:\/\/www.allpartners.fr\/en\/droit-des-affaires\/\">commercial law<\/a> the different aspects of their real estate needs (real estate asset management, lease negotiation, etc.).<\/p><\/div>\n\t\t\t\t<\/div>\n\t\t\t\t<\/div>\n\t\t\t\t<div class=\"elementor-element elementor-element-29d4b8a elementor-invisible elementor-widget elementor-widget-text-editor\" data-id=\"29d4b8a\" data-element_type=\"widget\" data-settings=\"{&quot;_animation&quot;:&quot;fadeIn&quot;}\" data-widget_type=\"text-editor.default\">\n\t\t\t\t<div class=\"elementor-widget-container\">\n\t\t\t\t\t<div class=\"elementor-text-editor elementor-clearfix\"><p>\u00a0<\/p><p><strong><u>Co-ownership<\/u><\/strong><\/p><ul><li>General meetings,<\/li><li>Rights and obligations of the union,<\/li><li>Problems related to construction,<\/li><li>Load recovery,<\/li><li>Recourse in matters of works,<\/li><li>Neighborhood disturbances,<\/li><li>Disputes between co-owners,<\/li><li>Relations with the trustee.<\/li><\/ul><p><strong><u>Commercial, professional and residential leases<\/u><\/strong><\/p><ul><li>Drafting and negotiation of leases,<\/li><li>Renewal and fixing of the rent,<\/li><li>Assignment of lease rights,<\/li><li>Rental reports,<\/li><li>Lease-management contract,<\/li><li>Precarious occupation agreement,<\/li><li>Collection of rents, charges,<\/li><li>Acquisition of termination clause and eviction procedure,<\/li><li>Judicial termination and leave.<\/li><\/ul><p><strong><u>Construction litigation<\/u><\/strong><\/p><ul><li>Negotiation and amicable phase before reception,<\/li><li>Post-reception responsibilities and legal guarantees,<\/li><li>Damage to structures and ten-year warranty,<\/li><li>Assistance in the context of summary proceedings before the Courts of Justice,<\/li><li>Expertise meetings and drafting of statements,<\/li><li>Analysis of reports after filing and substantive litigation.<\/li><\/ul><p><strong><u>Town planning<\/u><\/strong><\/p><ul><li>Advice and support in setting up construction operations,<\/li><li>Assistance in land use authorization application files,<\/li><li>Litigation before Courts and Administrative Courts,<\/li><li>Recourse against third parties or refusal of land use authorization,<\/li><li>Civil and criminal litigation in town planning.<\/li><\/ul><p><strong><u>Your privileged contact:<\/u><\/strong><\/p><p>Fran\u00e7ois Aje as a Managing Partner, teams up with you by relying on his expertise in real estate law. He advises and defends the interests of trustees, property managers, builders, developers and condominiums. He works in tandem with Emilie Lenglen, associate lawyer, specialized in <a href=\"http:\/\/www.allpartners.fr\/en\/droit-des-affaires\/\">business law<\/a>,to support companies in the field of real estate law.<\/p><p>The firm is also an agent in real estate transactions attached to both of the Paris and Versailles Bars.<\/p><\/div>\n\t\t\t\t<\/div>\n\t\t\t\t<\/div>\n\t\t\t\t\t\t<\/div>\n\t\t\t\t\t<\/div>\n\t\t<\/div>\n\t\t\t\t\t\t\t\t<\/div>\n\t\t\t\t\t<\/div>\n\t\t<\/section>\n\t\t\t\t\t\t<\/div>\n\t\t\t\t\t<\/div>\n\t\t<\/div>\n\t\t\t\t\t\t\t\t<\/div>\n\t\t\t\t\t<\/div>\n\t\t<\/section>\n\t\t\t\t\t\t<\/div>\n\t\t\t\t\t\t<\/div>\n\t\t\t\t\t<\/div>","protected":false},"excerpt":{"rendered":"<p>Droit immobilier Droit immobilier Notre cabinet a acquis une expertise dans l\u2019ensemble du champ du droit immobilier, tant en conseil qu\u2019en contentieux. Nous travaillons en \u00e9troite collaboration avec les syndics, les administrateurs, les Notaires, les constructeurs et les agents et interm\u00e9diaires immobiliers notamment. Notre exp\u00e9rience en droit immobilier, nous permet d\u2019assister les entreprises que nous [&hellip;]<\/p>","protected":false},"author":1,"featured_media":0,"parent":0,"menu_order":0,"comment_status":"closed","ping_status":"closed","template":"","meta":[],"_links":{"self":[{"href":"http:\/\/www.allpartners.fr\/en\/wp-json\/wp\/v2\/pages\/363"}],"collection":[{"href":"http:\/\/www.allpartners.fr\/en\/wp-json\/wp\/v2\/pages"}],"about":[{"href":"http:\/\/www.allpartners.fr\/en\/wp-json\/wp\/v2\/types\/page"}],"author":[{"embeddable":true,"href":"http:\/\/www.allpartners.fr\/en\/wp-json\/wp\/v2\/users\/1"}],"replies":[{"embeddable":true,"href":"http:\/\/www.allpartners.fr\/en\/wp-json\/wp\/v2\/comments?post=363"}],"version-history":[{"count":43,"href":"http:\/\/www.allpartners.fr\/en\/wp-json\/wp\/v2\/pages\/363\/revisions"}],"predecessor-version":[{"id":1030,"href":"http:\/\/www.allpartners.fr\/en\/wp-json\/wp\/v2\/pages\/363\/revisions\/1030"}],"wp:attachment":[{"href":"http:\/\/www.allpartners.fr\/en\/wp-json\/wp\/v2\/media?parent=363"}],"curies":[{"name":"wp","href":"https:\/\/api.w.org\/{rel}","templated":true}]}}