{"id":321,"date":"2020-11-12T18:01:39","date_gmt":"2020-11-12T17:01:39","guid":{"rendered":"http:\/\/www.allpartners.fr\/?page_id=321"},"modified":"2021-01-30T16:52:46","modified_gmt":"2021-01-30T15:52:46","slug":"droit-du-travail","status":"publish","type":"page","link":"http:\/\/www.allpartners.fr\/en\/droit-du-travail\/","title":{"rendered":"Labor Law"},"content":{"rendered":"<div data-elementor-type=\"wp-page\" data-elementor-id=\"321\" class=\"elementor elementor-321\" data-elementor-settings=\"[]\">\n\t\t\t\t\t\t<div class=\"elementor-inner\">\n\t\t\t\t\t\t\t<div class=\"elementor-section-wrap\">\n\t\t\t\t\t\t\t<section class=\"elementor-section elementor-top-section elementor-element elementor-element-19264577 elementor-section-height-min-height elementor-section-boxed elementor-section-height-default elementor-section-items-middle\" data-id=\"19264577\" data-element_type=\"section\" data-settings=\"{&quot;background_background&quot;:&quot;classic&quot;}\">\n\t\t\t\t\t\t\t<div class=\"elementor-background-overlay\"><\/div>\n\t\t\t\t\t\t\t<div class=\"elementor-container elementor-column-gap-default\">\n\t\t\t\t\t\t\t<div class=\"elementor-row\">\n\t\t\t\t\t<div class=\"elementor-column elementor-col-100 elementor-top-column elementor-element elementor-element-32316670\" data-id=\"32316670\" data-element_type=\"column\">\n\t\t\t<div class=\"elementor-column-wrap elementor-element-populated\">\n\t\t\t\t\t\t\t<div class=\"elementor-widget-wrap\">\n\t\t\t\t\t\t<div class=\"elementor-element elementor-element-72d1b892 elementor-widget elementor-widget-heading\" data-id=\"72d1b892\" data-element_type=\"widget\" data-widget_type=\"heading.default\">\n\t\t\t\t<div class=\"elementor-widget-container\">\n\t\t\t<h2 class=\"elementor-heading-title elementor-size-default\">Labor Law<\/h2>\t\t<\/div>\n\t\t\t\t<\/div>\n\t\t\t\t\t\t<\/div>\n\t\t\t\t\t<\/div>\n\t\t<\/div>\n\t\t\t\t\t\t\t\t<\/div>\n\t\t\t\t\t<\/div>\n\t\t<\/section>\n\t\t\t\t<section class=\"elementor-section elementor-top-section elementor-element elementor-element-6583e828 elementor-section-boxed elementor-section-height-default elementor-section-height-default\" data-id=\"6583e828\" data-element_type=\"section\">\n\t\t\t\t\t\t<div class=\"elementor-container elementor-column-gap-default\">\n\t\t\t\t\t\t\t<div class=\"elementor-row\">\n\t\t\t\t\t<div class=\"elementor-column elementor-col-100 elementor-top-column elementor-element elementor-element-3ae5d12\" data-id=\"3ae5d12\" data-element_type=\"column\">\n\t\t\t<div class=\"elementor-column-wrap elementor-element-populated\">\n\t\t\t\t\t\t\t<div class=\"elementor-widget-wrap\">\n\t\t\t\t\t\t<div class=\"elementor-element elementor-element-29993aa7 elementor-widget elementor-widget-spacer\" data-id=\"29993aa7\" data-element_type=\"widget\" data-widget_type=\"spacer.default\">\n\t\t\t\t<div class=\"elementor-widget-container\">\n\t\t\t\t\t<div class=\"elementor-spacer\">\n\t\t\t<div class=\"elementor-spacer-inner\"><\/div>\n\t\t<\/div>\n\t\t\t\t<\/div>\n\t\t\t\t<\/div>\n\t\t\t\t\t\t<\/div>\n\t\t\t\t\t<\/div>\n\t\t<\/div>\n\t\t\t\t\t\t\t\t<\/div>\n\t\t\t\t\t<\/div>\n\t\t<\/section>\n\t\t\t\t<section class=\"elementor-section elementor-top-section elementor-element elementor-element-b600c6 elementor-section-height-min-height elementor-section-boxed elementor-section-height-default elementor-section-items-middle\" data-id=\"b600c6\" data-element_type=\"section\" data-settings=\"{&quot;background_background&quot;:&quot;classic&quot;}\">\n\t\t\t\t\t\t\t<div class=\"elementor-background-overlay\"><\/div>\n\t\t\t\t\t\t\t<div class=\"elementor-container elementor-column-gap-default\">\n\t\t\t\t\t\t\t<div class=\"elementor-row\">\n\t\t\t\t\t<div class=\"elementor-column elementor-col-100 elementor-top-column elementor-element elementor-element-5f7ea1cb\" data-id=\"5f7ea1cb\" data-element_type=\"column\">\n\t\t\t<div class=\"elementor-column-wrap elementor-element-populated\">\n\t\t\t\t\t\t\t<div class=\"elementor-widget-wrap\">\n\t\t\t\t\t\t<div class=\"elementor-element elementor-element-6e6460c1 elementor-invisible elementor-widget elementor-widget-image\" data-id=\"6e6460c1\" data-element_type=\"widget\" data-settings=\"{&quot;_animation&quot;:&quot;none&quot;}\" data-widget_type=\"image.default\">\n\t\t\t\t<div class=\"elementor-widget-container\">\n\t\t\t\t\t<div class=\"elementor-image\">\n\t\t\t\t\t\t\t\t\t\t<img width=\"800\" height=\"450\" src=\"http:\/\/www.allpartners.fr\/wp-content\/uploads\/2020\/11\/City-img-1024x576.jpg\" class=\"attachment-large size-large\" alt=\"\" loading=\"lazy\" srcset=\"http:\/\/www.allpartners.fr\/wp-content\/uploads\/2020\/11\/City-img-1024x576.jpg 1024w, http:\/\/www.allpartners.fr\/wp-content\/uploads\/2020\/11\/City-img-300x169.jpg 300w, http:\/\/www.allpartners.fr\/wp-content\/uploads\/2020\/11\/City-img-768x432.jpg 768w, http:\/\/www.allpartners.fr\/wp-content\/uploads\/2020\/11\/City-img-1536x864.jpg 1536w, http:\/\/www.allpartners.fr\/wp-content\/uploads\/2020\/11\/City-img-16x9.jpg 16w, http:\/\/www.allpartners.fr\/wp-content\/uploads\/2020\/11\/City-img.jpg 1920w\" sizes=\"(max-width: 800px) 100vw, 800px\" \/>\t\t\t\t\t\t\t\t\t\t\t<\/div>\n\t\t\t\t<\/div>\n\t\t\t\t<\/div>\n\t\t\t\t<div class=\"elementor-element elementor-element-160296f7 animated-slow elementor-invisible elementor-widget elementor-widget-heading\" data-id=\"160296f7\" data-element_type=\"widget\" data-settings=\"{&quot;_animation&quot;:&quot;fadeIn&quot;}\" data-widget_type=\"heading.default\">\n\t\t\t\t<div class=\"elementor-widget-container\">\n\t\t\t<h1 class=\"elementor-heading-title elementor-size-default\">Labor Law<\/h1>\t\t<\/div>\n\t\t\t\t<\/div>\n\t\t\t\t<section class=\"elementor-section elementor-inner-section elementor-element elementor-element-8470cdd elementor-section-boxed elementor-section-height-default elementor-section-height-default\" data-id=\"8470cdd\" data-element_type=\"section\">\n\t\t\t\t\t\t<div class=\"elementor-container elementor-column-gap-default\">\n\t\t\t\t\t\t\t<div class=\"elementor-row\">\n\t\t\t\t\t<div class=\"elementor-column elementor-col-100 elementor-inner-column elementor-element elementor-element-754e0e9c\" data-id=\"754e0e9c\" data-element_type=\"column\">\n\t\t\t<div class=\"elementor-column-wrap elementor-element-populated\">\n\t\t\t\t\t\t\t<div class=\"elementor-widget-wrap\">\n\t\t\t\t\t\t<div class=\"elementor-element elementor-element-71f92d24 elementor-invisible elementor-widget elementor-widget-text-editor\" data-id=\"71f92d24\" data-element_type=\"widget\" data-settings=\"{&quot;_animation&quot;:&quot;fadeIn&quot;}\" data-widget_type=\"text-editor.default\">\n\t\t\t\t<div class=\"elementor-widget-container\">\n\t\t\t\t\t<div class=\"elementor-text-editor elementor-clearfix\">Fort de plusieurs ann\u00e9es d\u2019exp\u00e9rience de juriste au sein de soci\u00e9t\u00e9s internationales, notre associ\u00e9 sp\u00e9cialis\u00e9 en droit du travail se singularise par sa connaissance des m\u00e9canismes de l\u2019entreprise.<br> Nous mettons ainsi notre expertise en droit du travail et notre compr\u00e9hension du terrain au service de nos clients.<\/div>\n\t\t\t\t<\/div>\n\t\t\t\t<\/div>\n\t\t\t\t<div class=\"elementor-element elementor-element-1a10975 elementor-invisible elementor-widget elementor-widget-text-editor\" data-id=\"1a10975\" data-element_type=\"widget\" data-settings=\"{&quot;_animation&quot;:&quot;fadeIn&quot;}\" data-widget_type=\"text-editor.default\">\n\t\t\t\t<div class=\"elementor-widget-container\">\n\t\t\t\t\t<div class=\"elementor-text-editor elementor-clearfix\"><p><strong><u>Businesses and institutions<\/u><\/strong><\/p><p>We support our clients, managers and human resources departments in providing advice or defending interests before social, repressive, specialized or administrative courts.<\/p><p>As a firm with an international dimension, we support French companies on issues relating to contracts executed abroad. We also advise international companies in France and support them in local litigation.<\/p><p><strong><u>Individual employees<\/u><\/strong><\/p><p>We put our experience, our know-how and our listening skills to the services of individual employees in legal advice and litigation in labor law and social security law.<\/p><p><strong><u>Labor Law<\/u><\/strong><\/p><ul><li>Individual and collective labor relations (<em>Drafting, negotiation and modification of employment contracts \/ Preparation of assessment interviews \/ Disciplinary measures \/ contractual breaches \/ Defense in the context of the implementation of personal or collective dismissal procedures),<\/em>),<\/li><li>Trade union rights and employee representative bodies,<\/li><li>Restructuring, reorganizations, redundancies, job protection plans,<\/li><li>Assistance with training,<\/li><li>Compensation and status of managers and corporate officers,<\/li><li>Incentive agreements, participation,<\/li><li>Negotiated departures,<\/li><li>Harassment, discrimination,<\/li><li>Individual and collective litigation before the competent courts (<em>Labor Court, Social Pole of the Judicial Court, Court of Appeal),<\/em>),<\/li><li>Criminal labor law (<em>Labor Court, Social Pole of the Judicial Court, Court of Appeal),<\/em>).<\/li><\/ul><p>\u00a0<\/p><p><strong><u>Social security law\u00a0<\/u><\/strong><\/p><ul><li>Maternity, Sickness and Disability,<\/li><li>Work accidents and occupational diseases,<\/li><li>Inexcusable fault litigation,<\/li><li>Social contributions and contributions,<\/li><li>Family benefits,<\/li><li>Retirement,<\/li><li>Assistance to health professionals.<\/li><\/ul><p>\u00a0<\/p><p><strong><u>Your privileged contact:<\/u><\/strong><\/p><p>Fran\u00e7ois Aje as a Managing Partners, with more than 15 years of practice in labor law will team up with you. He supports companies and employees with commitment and responsiveness. Lawyer in the trading room for Soci\u00e9t\u00e9 G\u00e9n\u00e9rale, then in London for UBS, winner of the Telder's Moot Competition before the International Court of Justice in The Hague, he has made of his Franco-English culture an asset in an international context.<\/p><\/div>\n\t\t\t\t<\/div>\n\t\t\t\t<\/div>\n\t\t\t\t\t\t<\/div>\n\t\t\t\t\t<\/div>\n\t\t<\/div>\n\t\t\t\t\t\t\t\t<\/div>\n\t\t\t\t\t<\/div>\n\t\t<\/section>\n\t\t\t\t\t\t<\/div>\n\t\t\t\t\t<\/div>\n\t\t<\/div>\n\t\t\t\t\t\t\t\t<\/div>\n\t\t\t\t\t<\/div>\n\t\t<\/section>\n\t\t\t\t\t\t<\/div>\n\t\t\t\t\t\t<\/div>\n\t\t\t\t\t<\/div>","protected":false},"excerpt":{"rendered":"<p>Droit du travail Droit du travail Fort de plusieurs ann\u00e9es d\u2019exp\u00e9rience de juriste au sein de soci\u00e9t\u00e9s internationales, notre associ\u00e9 sp\u00e9cialis\u00e9 en droit du travail se singularise par sa connaissance des m\u00e9canismes de l\u2019entreprise. Nous mettons ainsi notre expertise en droit du travail et notre compr\u00e9hension du terrain au service de nos clients. Entreprises et [&hellip;]<\/p>","protected":false},"author":1,"featured_media":0,"parent":0,"menu_order":0,"comment_status":"closed","ping_status":"closed","template":"","meta":[],"_links":{"self":[{"href":"http:\/\/www.allpartners.fr\/en\/wp-json\/wp\/v2\/pages\/321"}],"collection":[{"href":"http:\/\/www.allpartners.fr\/en\/wp-json\/wp\/v2\/pages"}],"about":[{"href":"http:\/\/www.allpartners.fr\/en\/wp-json\/wp\/v2\/types\/page"}],"author":[{"embeddable":true,"href":"http:\/\/www.allpartners.fr\/en\/wp-json\/wp\/v2\/users\/1"}],"replies":[{"embeddable":true,"href":"http:\/\/www.allpartners.fr\/en\/wp-json\/wp\/v2\/comments?post=321"}],"version-history":[{"count":53,"href":"http:\/\/www.allpartners.fr\/en\/wp-json\/wp\/v2\/pages\/321\/revisions"}],"predecessor-version":[{"id":1042,"href":"http:\/\/www.allpartners.fr\/en\/wp-json\/wp\/v2\/pages\/321\/revisions\/1042"}],"wp:attachment":[{"href":"http:\/\/www.allpartners.fr\/en\/wp-json\/wp\/v2\/media?parent=321"}],"curies":[{"name":"wp","href":"https:\/\/api.w.org\/{rel}","templated":true}]}}