{"id":286,"date":"2020-11-12T17:27:34","date_gmt":"2020-11-12T16:27:34","guid":{"rendered":"http:\/\/www.allpartners.fr\/?page_id=286"},"modified":"2021-01-05T18:20:01","modified_gmt":"2021-01-05T17:20:01","slug":"droit-des-affaires","status":"publish","type":"page","link":"http:\/\/www.allpartners.fr\/en\/droit-des-affaires\/","title":{"rendered":"Business law"},"content":{"rendered":"<div data-elementor-type=\"wp-page\" data-elementor-id=\"286\" class=\"elementor elementor-286\" data-elementor-settings=\"[]\">\n\t\t\t\t\t\t<div class=\"elementor-inner\">\n\t\t\t\t\t\t\t<div class=\"elementor-section-wrap\">\n\t\t\t\t\t\t\t<section class=\"elementor-section elementor-top-section elementor-element elementor-element-1fb0b67 elementor-section-height-min-height elementor-section-boxed elementor-section-height-default elementor-section-items-middle\" data-id=\"1fb0b67\" data-element_type=\"section\" data-settings=\"{&quot;background_background&quot;:&quot;classic&quot;}\">\n\t\t\t\t\t\t\t<div class=\"elementor-background-overlay\"><\/div>\n\t\t\t\t\t\t\t<div class=\"elementor-container elementor-column-gap-default\">\n\t\t\t\t\t\t\t<div class=\"elementor-row\">\n\t\t\t\t\t<div class=\"elementor-column elementor-col-100 elementor-top-column elementor-element elementor-element-19b9bd3\" data-id=\"19b9bd3\" data-element_type=\"column\">\n\t\t\t<div class=\"elementor-column-wrap elementor-element-populated\">\n\t\t\t\t\t\t\t<div class=\"elementor-widget-wrap\">\n\t\t\t\t\t\t<div class=\"elementor-element elementor-element-5ed419d elementor-widget elementor-widget-heading\" data-id=\"5ed419d\" data-element_type=\"widget\" data-widget_type=\"heading.default\">\n\t\t\t\t<div class=\"elementor-widget-container\">\n\t\t\t<h2 class=\"elementor-heading-title elementor-size-default\">Business law <\/h2>\t\t<\/div>\n\t\t\t\t<\/div>\n\t\t\t\t\t\t<\/div>\n\t\t\t\t\t<\/div>\n\t\t<\/div>\n\t\t\t\t\t\t\t\t<\/div>\n\t\t\t\t\t<\/div>\n\t\t<\/section>\n\t\t\t\t<section class=\"elementor-section elementor-top-section elementor-element elementor-element-4a5aa5f elementor-section-boxed elementor-section-height-default elementor-section-height-default\" data-id=\"4a5aa5f\" data-element_type=\"section\">\n\t\t\t\t\t\t<div class=\"elementor-container elementor-column-gap-default\">\n\t\t\t\t\t\t\t<div class=\"elementor-row\">\n\t\t\t\t\t<div class=\"elementor-column elementor-col-100 elementor-top-column elementor-element elementor-element-1c16a27\" data-id=\"1c16a27\" data-element_type=\"column\">\n\t\t\t<div class=\"elementor-column-wrap elementor-element-populated\">\n\t\t\t\t\t\t\t<div class=\"elementor-widget-wrap\">\n\t\t\t\t\t\t<div class=\"elementor-element elementor-element-dfc6e1c elementor-widget elementor-widget-spacer\" data-id=\"dfc6e1c\" data-element_type=\"widget\" data-widget_type=\"spacer.default\">\n\t\t\t\t<div class=\"elementor-widget-container\">\n\t\t\t\t\t<div class=\"elementor-spacer\">\n\t\t\t<div class=\"elementor-spacer-inner\"><\/div>\n\t\t<\/div>\n\t\t\t\t<\/div>\n\t\t\t\t<\/div>\n\t\t\t\t\t\t<\/div>\n\t\t\t\t\t<\/div>\n\t\t<\/div>\n\t\t\t\t\t\t\t\t<\/div>\n\t\t\t\t\t<\/div>\n\t\t<\/section>\n\t\t\t\t<section class=\"elementor-section elementor-top-section elementor-element elementor-element-2c1cb208 elementor-section-height-min-height elementor-section-boxed elementor-section-height-default elementor-section-items-middle\" data-id=\"2c1cb208\" data-element_type=\"section\" data-settings=\"{&quot;background_background&quot;:&quot;classic&quot;}\">\n\t\t\t\t\t\t\t<div class=\"elementor-background-overlay\"><\/div>\n\t\t\t\t\t\t\t<div class=\"elementor-container elementor-column-gap-default\">\n\t\t\t\t\t\t\t<div class=\"elementor-row\">\n\t\t\t\t\t<div class=\"elementor-column elementor-col-100 elementor-top-column elementor-element elementor-element-63105832\" data-id=\"63105832\" data-element_type=\"column\">\n\t\t\t<div class=\"elementor-column-wrap elementor-element-populated\">\n\t\t\t\t\t\t\t<div class=\"elementor-widget-wrap\">\n\t\t\t\t\t\t<div class=\"elementor-element elementor-element-1fc42826 elementor-invisible elementor-widget elementor-widget-image\" data-id=\"1fc42826\" data-element_type=\"widget\" data-settings=\"{&quot;_animation&quot;:&quot;none&quot;}\" data-widget_type=\"image.default\">\n\t\t\t\t<div class=\"elementor-widget-container\">\n\t\t\t\t\t<div class=\"elementor-image\">\n\t\t\t\t\t\t\t\t\t\t<img width=\"800\" height=\"534\" src=\"http:\/\/www.allpartners.fr\/wp-content\/uploads\/2020\/11\/Affaires-img-1-1024x683.jpg\" class=\"attachment-large size-large\" alt=\"\" loading=\"lazy\" srcset=\"http:\/\/www.allpartners.fr\/wp-content\/uploads\/2020\/11\/Affaires-img-1-1024x683.jpg 1024w, http:\/\/www.allpartners.fr\/wp-content\/uploads\/2020\/11\/Affaires-img-1-300x200.jpg 300w, http:\/\/www.allpartners.fr\/wp-content\/uploads\/2020\/11\/Affaires-img-1-768x512.jpg 768w, http:\/\/www.allpartners.fr\/wp-content\/uploads\/2020\/11\/Affaires-img-1-1536x1024.jpg 1536w, http:\/\/www.allpartners.fr\/wp-content\/uploads\/2020\/11\/Affaires-img-1-2048x1365.jpg 2048w\" sizes=\"(max-width: 800px) 100vw, 800px\" \/>\t\t\t\t\t\t\t\t\t\t\t<\/div>\n\t\t\t\t<\/div>\n\t\t\t\t<\/div>\n\t\t\t\t<div class=\"elementor-element elementor-element-7ab7bc99 animated-slow elementor-invisible elementor-widget elementor-widget-heading\" data-id=\"7ab7bc99\" data-element_type=\"widget\" data-settings=\"{&quot;_animation&quot;:&quot;fadeIn&quot;}\" data-widget_type=\"heading.default\">\n\t\t\t\t<div class=\"elementor-widget-container\">\n\t\t\t<h1 class=\"elementor-heading-title elementor-size-default\">Business law<\/h1>\t\t<\/div>\n\t\t\t\t<\/div>\n\t\t\t\t<section class=\"elementor-section elementor-inner-section elementor-element elementor-element-347ebfb6 elementor-section-boxed elementor-section-height-default elementor-section-height-default\" data-id=\"347ebfb6\" data-element_type=\"section\">\n\t\t\t\t\t\t<div class=\"elementor-container elementor-column-gap-default\">\n\t\t\t\t\t\t\t<div class=\"elementor-row\">\n\t\t\t\t\t<div class=\"elementor-column elementor-col-100 elementor-inner-column elementor-element elementor-element-3c589b86\" data-id=\"3c589b86\" data-element_type=\"column\">\n\t\t\t<div class=\"elementor-column-wrap elementor-element-populated\">\n\t\t\t\t\t\t\t<div class=\"elementor-widget-wrap\">\n\t\t\t\t\t\t<div class=\"elementor-element elementor-element-7eab71d7 elementor-invisible elementor-widget elementor-widget-text-editor\" data-id=\"7eab71d7\" data-element_type=\"widget\" data-settings=\"{&quot;_animation&quot;:&quot;fadeIn&quot;}\" data-widget_type=\"text-editor.default\">\n\t\t\t\t<div class=\"elementor-widget-container\">\n\t\t\t\t\t<div class=\"elementor-text-editor elementor-clearfix\"><p>Because your interests are at the center of our concerns, we offer you a transversal approach, from legal advice to litigation.<\/p><p>We assist the management teams in carrying out all of the company's legal operations, from the structure creation to the development of the activity.<\/p><p>By your side to support you in your various issues, we bring our complementary expertise to business law (<a href=\"http:\/\/www.allpartners.fr\/en\/droit-du-travail\/\">labor law<\/a>, <a href=\"http:\/\/www.allpartners.fr\/en\/droit-immobilier\/\">real estate law<\/a>) as well as our multi-professional network of partners.<\/p><p>\u00a0<\/p><\/div>\n\t\t\t\t<\/div>\n\t\t\t\t<\/div>\n\t\t\t\t<div class=\"elementor-element elementor-element-37d2efe elementor-invisible elementor-widget elementor-widget-text-editor\" data-id=\"37d2efe\" data-element_type=\"widget\" data-settings=\"{&quot;_animation&quot;:&quot;fadeIn&quot;}\" data-widget_type=\"text-editor.default\">\n\t\t\t\t<div class=\"elementor-widget-container\">\n\t\t\t\t\t<div class=\"elementor-text-editor elementor-clearfix\"><p><strong><u>Corporate law<\/u><\/strong><\/p><p>We cultivate a direct and reactive relationship with our customers, very small businesses or larger companies, in the build up and the life of the company.<\/p><ul><li>Creation of companies (<em>articles of association, shareholders' agreements<\/em>) and monitoring of legal formalities,<\/li><li>Legal company drafting  \/ annual approval of accounts,<\/li><li>Capital increases and reductions,<\/li><li>Transformations,<\/li><li>Bond issues.<\/li><\/ul><p>\u00a0<\/p><p><u><strong>Restructuring<\/strong><\/u><\/p><p>Involved in the life of your structure, we listen and advise you in your growth operations. We put our expertise and our relational sense to your interests in the sale of your companies.<\/p><ul><li>Mergers, contributions,<\/li><li>Confidentiality agreements,<\/li><li>Sale and acquisition of shareholdings,<\/li><li>Guarantees of assets and liabilities,<\/li><li>Partners and shareholders' agreements.<\/li><\/ul><p>\u00a0<\/p><p><strong><u>Trade law<\/u><\/strong><\/p><p>Companies, craftsmen, traders or professionals, we accompany you in all aspects of your projects :<\/p><ul><li>Negotiation and drafting of commercial contracts,<\/li><li>General conditions of sale and purchase,<\/li><li>Sale of goodwill \/ customers.<\/li><\/ul><p>\u00a0<\/p><p><strong><u>Business litigation:<\/u><\/strong><\/p><p>Our litigation practice allows us to provide you with informed advice and anticipation. Intervening upstream, preventing the risk of conflict avoids long and costly litigation. We put this litigation experience at your service in the implementation of legal proceedings.<\/p><p>With its dual location, our law firm offers you a broader application before the Courts of Appeal of Paris and Versailles.<\/p><ul><li>Pre-litigation procedures \/ formal notices \/ negotiations,<\/li><li>Implementation of a procedural strategy,<\/li><li>Assistance and representation before French courts in order to obtain an enforceable title,<\/li><li>Assistance and representation in the execution of the decision,<\/li><li>Assistance and representation in the event of collective proceedings (<em>commercial court safeguard procedure, reorganization or compulsory liquidation).<\/em>).<\/li><\/ul><p>\u00a0<\/p><p><strong><u>Your privileged contact:<\/u><\/strong><\/p><p>Managing Partner, trained in business law, graduated from INSEEC in taxation, Emilie Lenglen is teaming up with you. With her dual legal and business school training, she supports our clients in a spirit of service and proximity. She works closely with other partners and junior lawyers in order to provide her clients with the firm's various expertise (<a href=\"http:\/\/www.allpartners.fr\/en\/droit-du-travail\/\">labor law<\/a>, <a href=\"http:\/\/www.allpartners.fr\/en\/droit-immobilier\/\">real estate law<\/a>, <a href=\"http:\/\/www.allpartners.fr\/en\/droit-du-sport\/\">sports law<\/a>).<\/p><\/div>\n\t\t\t\t<\/div>\n\t\t\t\t<\/div>\n\t\t\t\t\t\t<\/div>\n\t\t\t\t\t<\/div>\n\t\t<\/div>\n\t\t\t\t\t\t\t\t<\/div>\n\t\t\t\t\t<\/div>\n\t\t<\/section>\n\t\t\t\t\t\t<\/div>\n\t\t\t\t\t<\/div>\n\t\t<\/div>\n\t\t\t\t\t\t\t\t<\/div>\n\t\t\t\t\t<\/div>\n\t\t<\/section>\n\t\t\t\t\t\t<\/div>\n\t\t\t\t\t\t<\/div>\n\t\t\t\t\t<\/div>","protected":false},"excerpt":{"rendered":"<p>Droit des affaires Droit des affaires Parce que vos int\u00e9r\u00eats sont au centre de nos pr\u00e9occupations, nous vous proposons une approche transversale, du conseil au contentieux. Nous assistons les \u00e9quipes dirigeantes dans la r\u00e9alisation de l\u2019ensemble des op\u00e9rations juridiques de l\u2019entreprise, de la cr\u00e9ation de la structure au d\u00e9veloppement de l\u2019activit\u00e9. A vos c\u00f4t\u00e9s pour [&hellip;]<\/p>","protected":false},"author":1,"featured_media":0,"parent":0,"menu_order":0,"comment_status":"closed","ping_status":"closed","template":"elementor_header_footer","meta":[],"_links":{"self":[{"href":"http:\/\/www.allpartners.fr\/en\/wp-json\/wp\/v2\/pages\/286"}],"collection":[{"href":"http:\/\/www.allpartners.fr\/en\/wp-json\/wp\/v2\/pages"}],"about":[{"href":"http:\/\/www.allpartners.fr\/en\/wp-json\/wp\/v2\/types\/page"}],"author":[{"embeddable":true,"href":"http:\/\/www.allpartners.fr\/en\/wp-json\/wp\/v2\/users\/1"}],"replies":[{"embeddable":true,"href":"http:\/\/www.allpartners.fr\/en\/wp-json\/wp\/v2\/comments?post=286"}],"version-history":[{"count":66,"href":"http:\/\/www.allpartners.fr\/en\/wp-json\/wp\/v2\/pages\/286\/revisions"}],"predecessor-version":[{"id":988,"href":"http:\/\/www.allpartners.fr\/en\/wp-json\/wp\/v2\/pages\/286\/revisions\/988"}],"wp:attachment":[{"href":"http:\/\/www.allpartners.fr\/en\/wp-json\/wp\/v2\/media?parent=286"}],"curies":[{"name":"wp","href":"https:\/\/api.w.org\/{rel}","templated":true}]}}